{"id":39,"date":"2023-10-27T10:18:54","date_gmt":"2023-10-27T08:18:54","guid":{"rendered":"https:\/\/cris-magnetiseur.fr\/index.php\/ma-biographie\/"},"modified":"2023-10-29T20:00:33","modified_gmt":"2023-10-29T19:00:33","slug":"ma-biographie","status":"publish","type":"page","link":"https:\/\/cris-magnetiseur.fr\/index.php\/ma-biographie\/","title":{"rendered":"Ma biographie"},"content":{"rendered":"\t\t<div data-elementor-type=\"wp-page\" data-elementor-id=\"39\" class=\"elementor elementor-39\">\n\t\t\t\t\t\t<section class=\"elementor-section elementor-top-section elementor-element elementor-element-7cd13a22 elementor-section-height-min-height elementor-section-content-bottom elementor-section-boxed elementor-section-height-default elementor-section-items-middle wpr-particle-no wpr-jarallax-no wpr-parallax-no wpr-sticky-section-no wpr-equal-height-no\" data-id=\"7cd13a22\" data-element_type=\"section\" data-e-type=\"section\" data-settings=\"{&quot;background_background&quot;:&quot;classic&quot;}\">\n\t\t\t\t\t\t<div class=\"elementor-container elementor-column-gap-default\">\n\t\t\t\t\t<div class=\"elementor-column elementor-col-100 elementor-top-column elementor-element elementor-element-41cf31b6\" data-id=\"41cf31b6\" data-element_type=\"column\" data-e-type=\"column\">\n\t\t\t<div class=\"elementor-widget-wrap elementor-element-populated\">\n\t\t\t\t\t\t<div class=\"elementor-element elementor-element-2b32378c elementor-invisible elementor-widget elementor-widget-heading\" data-id=\"2b32378c\" data-element_type=\"widget\" data-e-type=\"widget\" data-settings=\"{&quot;_animation&quot;:&quot;fadeIn&quot;}\" data-widget_type=\"heading.default\">\n\t\t\t\t<div class=\"elementor-widget-container\">\n\t\t\t\t\t<h2 class=\"elementor-heading-title elementor-size-default\">Ma biographie<\/h2>\t\t\t\t<\/div>\n\t\t\t\t<\/div>\n\t\t\t\t\t<\/div>\n\t\t<\/div>\n\t\t\t\t\t<\/div>\n\t\t<\/section>\n\t\t\t\t<section class=\"elementor-section elementor-top-section elementor-element elementor-element-7a4e6c75 elementor-section-boxed elementor-section-height-default elementor-section-height-default wpr-particle-no wpr-jarallax-no wpr-parallax-no wpr-sticky-section-no wpr-equal-height-no\" data-id=\"7a4e6c75\" data-element_type=\"section\" data-e-type=\"section\">\n\t\t\t\t\t\t<div class=\"elementor-container elementor-column-gap-default\">\n\t\t\t\t\t<div class=\"elementor-column elementor-col-50 elementor-top-column elementor-element elementor-element-23f1863e\" data-id=\"23f1863e\" data-element_type=\"column\" data-e-type=\"column\">\n\t\t\t<div class=\"elementor-widget-wrap elementor-element-populated\">\n\t\t\t\t\t\t<div class=\"elementor-element elementor-element-2258053d elementor-invisible elementor-widget elementor-widget-image\" data-id=\"2258053d\" data-element_type=\"widget\" data-e-type=\"widget\" data-settings=\"{&quot;_animation&quot;:&quot;slideInLeft&quot;}\" data-widget_type=\"image.default\">\n\t\t\t\t<div class=\"elementor-widget-container\">\n\t\t\t\t\t\t\t\t\t\t\t\t\t\t\t<img fetchpriority=\"high\" decoding=\"async\" width=\"473\" height=\"1024\" src=\"https:\/\/cris-magnetiseur.fr\/wp-content\/uploads\/2023\/10\/pierre-pendule-scaled-1-473x1024.jpg\" class=\"attachment-large size-large wp-image-40\" alt=\"\" srcset=\"https:\/\/cris-magnetiseur.fr\/wp-content\/uploads\/2023\/10\/pierre-pendule-scaled-1-473x1024.jpg 473w, https:\/\/cris-magnetiseur.fr\/wp-content\/uploads\/2023\/10\/pierre-pendule-scaled-1-139x300.jpg 139w, https:\/\/cris-magnetiseur.fr\/wp-content\/uploads\/2023\/10\/pierre-pendule-scaled-1-768x1662.jpg 768w, https:\/\/cris-magnetiseur.fr\/wp-content\/uploads\/2023\/10\/pierre-pendule-scaled-1-710x1536.jpg 710w, https:\/\/cris-magnetiseur.fr\/wp-content\/uploads\/2023\/10\/pierre-pendule-scaled-1-946x2048.jpg 946w, https:\/\/cris-magnetiseur.fr\/wp-content\/uploads\/2023\/10\/pierre-pendule-scaled-1.jpg 1183w\" sizes=\"(max-width: 473px) 100vw, 473px\" \/>\t\t\t\t\t\t\t\t\t\t\t\t\t\t\t<\/div>\n\t\t\t\t<\/div>\n\t\t\t\t\t<\/div>\n\t\t<\/div>\n\t\t\t\t<div class=\"elementor-column elementor-col-50 elementor-top-column elementor-element elementor-element-5d9a162c\" data-id=\"5d9a162c\" data-element_type=\"column\" data-e-type=\"column\">\n\t\t\t<div class=\"elementor-widget-wrap elementor-element-populated\">\n\t\t\t\t\t\t<div class=\"elementor-element elementor-element-24bc3d71 elementor-invisible elementor-widget elementor-widget-heading\" data-id=\"24bc3d71\" data-element_type=\"widget\" data-e-type=\"widget\" data-settings=\"{&quot;_animation&quot;:&quot;slideInRight&quot;,&quot;_animation_delay&quot;:100}\" data-widget_type=\"heading.default\">\n\t\t\t\t<div class=\"elementor-widget-container\">\n\t\t\t\t\t<h2 class=\"elementor-heading-title elementor-size-default\">Je me pr\u00e9sente<\/h2>\t\t\t\t<\/div>\n\t\t\t\t<\/div>\n\t\t\t\t<div class=\"elementor-element elementor-element-137af5e2 elementor-invisible elementor-widget elementor-widget-text-editor\" data-id=\"137af5e2\" data-element_type=\"widget\" data-e-type=\"widget\" data-settings=\"{&quot;_animation&quot;:&quot;slideInRight&quot;,&quot;_animation_delay&quot;:200}\" data-widget_type=\"text-editor.default\">\n\t\t\t\t<div class=\"elementor-widget-container\">\n\t\t\t\t\t\t\t\t\t<p>Bonjour, moi c&rsquo;est Christian !\u200b\u200b<br \/>J\u2019ai eu la chance de rencontr\u00e9 <strong>un magn\u00e9tiseur<\/strong> de Madagascar sensible aux capacit\u00e9s subtiles. C\u2019est comme \u00e7a que depuis 2018, je me suis retrouv\u00e9 \u00e0 pratiquer des<strong> soins \u00e9nerg\u00e9tiques<\/strong> aux personnes et animaux.<br \/>Depuis, le <strong>magn\u00e9tisme<\/strong> m\u2019accompagne au quotidien. <br \/>J\u2019ai tr\u00e8s rapidement d\u00e9cid\u00e9 de suivre la voie de <strong>magn\u00e9tiseur \u00e9nerg\u00e9ticien<\/strong>. C\u2019est pourquoi j\u2019ai choisi de compl\u00e9ter mes exp\u00e9riences aupr\u00e8s de <strong>magn\u00e9tiseurs<\/strong> professionnels notamment en suivant des formations, J\u2019ai donc appris \u00e0 soulager tous types de d\u00e9tresses et \u00e0 mieux comprendre les tracas du corps et de l\u2019esprit.je pratique\u00a0 l\u2019<strong>\u00e9nerg\u00e9tique et le magn\u00e9tisme<\/strong> pour apaiser nos <strong>animaux \u00e0 4 pattes<\/strong>.<br \/>J\u2019adore mon m\u00e9tier de <strong>magn\u00e9tiseur \u00e0 Six fours les plages dans le Var en Provence alpes cote d&rsquo;azu<\/strong>r. <br \/>L\u2019aide d\u2019un <strong>magn\u00e9tiseur<\/strong> est souvent tr\u00e8s utile dans une infinit\u00e9 de <strong>situations de stress ou de probl\u00e8me \u00e9motionnel<\/strong>.<br \/>Par exemple, tu peux avoir besoin d\u2019un coup de pouce \u00e9nerg\u00e9tique pour te remettre en forme apr\u00e8s une op\u00e9ration ou bien pour te d\u00e9barrasser d\u2019un <strong>probl\u00e8me de peau<\/strong>. Le magn\u00e9tisme est aussi efficace pour t\u2019aider \u00e0 mieux g\u00e9rer le <strong>stress et l\u2019anxi\u00e9t\u00e9<\/strong> qui hantent nos vies. Je me <strong>d\u00e9place<\/strong> et aide \u00e0 <strong>distance<\/strong> sans limite pour te d\u00e9faire des <strong>blocages et douleurs<\/strong> qui t\u2019emp\u00eachent d\u2019avancer.<\/p>\t\t\t\t\t\t\t\t<\/div>\n\t\t\t\t<\/div>\n\t\t\t\t\t<\/div>\n\t\t<\/div>\n\t\t\t\t\t<\/div>\n\t\t<\/section>\n\t\t\t\t<\/div>\n\t\t","protected":false},"excerpt":{"rendered":"<p>Ma biographie Je me pr\u00e9sente Bonjour, moi c&rsquo;est Christian !\u200b\u200bJ\u2019ai eu la chance de rencontr\u00e9 un magn\u00e9tiseur de Madagascar sensible aux capacit\u00e9s subtiles. C\u2019est comme \u00e7a que depuis 2018, je me suis retrouv\u00e9 \u00e0 pratiquer des soins \u00e9nerg\u00e9tiques aux personnes et animaux.Depuis, le magn\u00e9tisme m\u2019accompagne au quotidien. J\u2019ai tr\u00e8s rapidement d\u00e9cid\u00e9 de suivre la voie de magn\u00e9tiseur \u00e9nerg\u00e9ticien. C\u2019est pourquoi j\u2019ai choisi de compl\u00e9ter mes exp\u00e9riences aupr\u00e8s de magn\u00e9tiseurs professionnels notamment en suivant des formations, J\u2019ai donc appris \u00e0 soulager tous types de d\u00e9tresses et \u00e0 mieux comprendre les tracas du corps et de l\u2019esprit.je pratique\u00a0 l\u2019\u00e9nerg\u00e9tique et le magn\u00e9tisme pour apaiser nos animaux \u00e0 4 pattes.J\u2019adore mon m\u00e9tier de magn\u00e9tiseur \u00e0 Six fours les plages dans le Var en Provence alpes cote d&rsquo;azur. L\u2019aide d\u2019un magn\u00e9tiseur est souvent tr\u00e8s utile dans une infinit\u00e9 de situations de stress ou de probl\u00e8me \u00e9motionnel.Par exemple, tu peux avoir besoin d\u2019un coup de pouce \u00e9nerg\u00e9tique pour te remettre en forme apr\u00e8s une op\u00e9ration ou bien pour te d\u00e9barrasser d\u2019un probl\u00e8me de peau. Le magn\u00e9tisme est aussi efficace pour t\u2019aider \u00e0 mieux g\u00e9rer le stress et l\u2019anxi\u00e9t\u00e9 qui hantent nos vies. Je me d\u00e9place et aide \u00e0 distance sans limite pour te d\u00e9faire des blocages et douleurs qui t\u2019emp\u00eachent d\u2019avancer.<\/p>\n","protected":false},"author":1,"featured_media":0,"parent":0,"menu_order":0,"comment_status":"closed","ping_status":"closed","template":"elementor_canvas","meta":{"footnotes":""},"class_list":["post-39","page","type-page","status-publish","hentry"],"yoast_head":"<!-- This site is optimized with the Yoast SEO plugin v27.5 - https:\/\/yoast.com\/product\/yoast-seo-wordpress\/ -->\n<title>Ma biographie - Cris Magn\u00e9tiseur<\/title>\n<meta name=\"description\" content=\"Christian magn\u00e9tiseur, barreur de feu depuis des ann\u00e9es, j\u2019interviens sur les adultes, enfants et animaux en pr\u00e9sence ou \u00e0 distance sur photo.\u00a0\u00a0\" \/>\n<meta name=\"robots\" content=\"index, follow, max-snippet:-1, max-image-preview:large, max-video-preview:-1\" \/>\n<link rel=\"canonical\" href=\"https:\/\/cris-magnetiseur.fr\/index.php\/ma-biographie\/\" \/>\n<meta property=\"og:locale\" content=\"fr_FR\" \/>\n<meta property=\"og:type\" content=\"article\" \/>\n<meta property=\"og:title\" content=\"Ma biographie - Cris Magn\u00e9tiseur\" \/>\n<meta property=\"og:description\" content=\"Christian magn\u00e9tiseur, barreur de feu depuis des ann\u00e9es, j\u2019interviens sur les adultes, enfants et animaux en pr\u00e9sence ou \u00e0 distance sur photo.\u00a0\u00a0\" \/>\n<meta property=\"og:url\" content=\"https:\/\/cris-magnetiseur.fr\/index.php\/ma-biographie\/\" \/>\n<meta property=\"og:site_name\" content=\"Cris Magn\u00e9tiseur\" \/>\n<meta property=\"article:modified_time\" content=\"2023-10-29T19:00:33+00:00\" \/>\n<meta property=\"og:image\" content=\"http:\/\/cris-magnetiseur.fr\/wp-content\/uploads\/2023\/10\/pierre-pendule-scaled-1-473x1024.jpg\" \/>\n<meta name=\"twitter:card\" content=\"summary_large_image\" \/>\n<meta name=\"twitter:label1\" content=\"Dur\u00e9e de lecture estim\u00e9e\" \/>\n\t<meta name=\"twitter:data1\" content=\"2 minutes\" \/>\n<script type=\"application\/ld+json\" class=\"yoast-schema-graph\">{\"@context\":\"https:\\\/\\\/schema.org\",\"@graph\":[{\"@type\":\"WebPage\",\"@id\":\"https:\\\/\\\/cris-magnetiseur.fr\\\/index.php\\\/ma-biographie\\\/\",\"url\":\"https:\\\/\\\/cris-magnetiseur.fr\\\/index.php\\\/ma-biographie\\\/\",\"name\":\"Ma biographie - Cris Magn\u00e9tiseur\",\"isPartOf\":{\"@id\":\"https:\\\/\\\/cris-magnetiseur.fr\\\/#website\"},\"primaryImageOfPage\":{\"@id\":\"https:\\\/\\\/cris-magnetiseur.fr\\\/index.php\\\/ma-biographie\\\/#primaryimage\"},\"image\":{\"@id\":\"https:\\\/\\\/cris-magnetiseur.fr\\\/index.php\\\/ma-biographie\\\/#primaryimage\"},\"thumbnailUrl\":\"http:\\\/\\\/cris-magnetiseur.fr\\\/wp-content\\\/uploads\\\/2023\\\/10\\\/pierre-pendule-scaled-1-473x1024.jpg\",\"datePublished\":\"2023-10-27T08:18:54+00:00\",\"dateModified\":\"2023-10-29T19:00:33+00:00\",\"description\":\"Christian magn\u00e9tiseur, barreur de feu depuis des ann\u00e9es, j\u2019interviens sur les adultes, enfants et animaux en pr\u00e9sence ou \u00e0 distance sur photo.\u00a0\u00a0\",\"breadcrumb\":{\"@id\":\"https:\\\/\\\/cris-magnetiseur.fr\\\/index.php\\\/ma-biographie\\\/#breadcrumb\"},\"inLanguage\":\"fr-FR\",\"potentialAction\":[{\"@type\":\"ReadAction\",\"target\":[\"https:\\\/\\\/cris-magnetiseur.fr\\\/index.php\\\/ma-biographie\\\/\"]}]},{\"@type\":\"ImageObject\",\"inLanguage\":\"fr-FR\",\"@id\":\"https:\\\/\\\/cris-magnetiseur.fr\\\/index.php\\\/ma-biographie\\\/#primaryimage\",\"url\":\"https:\\\/\\\/cris-magnetiseur.fr\\\/wp-content\\\/uploads\\\/2023\\\/10\\\/pierre-pendule-scaled-1.jpg\",\"contentUrl\":\"https:\\\/\\\/cris-magnetiseur.fr\\\/wp-content\\\/uploads\\\/2023\\\/10\\\/pierre-pendule-scaled-1.jpg\",\"width\":1183,\"height\":2560},{\"@type\":\"BreadcrumbList\",\"@id\":\"https:\\\/\\\/cris-magnetiseur.fr\\\/index.php\\\/ma-biographie\\\/#breadcrumb\",\"itemListElement\":[{\"@type\":\"ListItem\",\"position\":1,\"name\":\"Accueil\",\"item\":\"https:\\\/\\\/cris-magnetiseur.fr\\\/\"},{\"@type\":\"ListItem\",\"position\":2,\"name\":\"Ma biographie\"}]},{\"@type\":\"WebSite\",\"@id\":\"https:\\\/\\\/cris-magnetiseur.fr\\\/#website\",\"url\":\"https:\\\/\\\/cris-magnetiseur.fr\\\/\",\"name\":\"Cris Magn\u00e9tiseur\",\"description\":\"Un site utilisant WordPress\",\"publisher\":{\"@id\":\"https:\\\/\\\/cris-magnetiseur.fr\\\/#organization\"},\"potentialAction\":[{\"@type\":\"SearchAction\",\"target\":{\"@type\":\"EntryPoint\",\"urlTemplate\":\"https:\\\/\\\/cris-magnetiseur.fr\\\/?s={search_term_string}\"},\"query-input\":{\"@type\":\"PropertyValueSpecification\",\"valueRequired\":true,\"valueName\":\"search_term_string\"}}],\"inLanguage\":\"fr-FR\"},{\"@type\":\"Organization\",\"@id\":\"https:\\\/\\\/cris-magnetiseur.fr\\\/#organization\",\"name\":\"Cris Magn\u00e9tiseur\",\"url\":\"https:\\\/\\\/cris-magnetiseur.fr\\\/\",\"logo\":{\"@type\":\"ImageObject\",\"inLanguage\":\"fr-FR\",\"@id\":\"https:\\\/\\\/cris-magnetiseur.fr\\\/#\\\/schema\\\/logo\\\/image\\\/\",\"url\":\"https:\\\/\\\/cris-magnetiseur.fr\\\/wp-content\\\/uploads\\\/2023\\\/10\\\/Logo-Magnetiseur-six-fours-les-plages.png\",\"contentUrl\":\"https:\\\/\\\/cris-magnetiseur.fr\\\/wp-content\\\/uploads\\\/2023\\\/10\\\/Logo-Magnetiseur-six-fours-les-plages.png\",\"width\":500,\"height\":500,\"caption\":\"Cris Magn\u00e9tiseur\"},\"image\":{\"@id\":\"https:\\\/\\\/cris-magnetiseur.fr\\\/#\\\/schema\\\/logo\\\/image\\\/\"}}]}<\/script>\n<!-- \/ Yoast SEO plugin. -->","yoast_head_json":{"title":"Ma biographie - Cris Magn\u00e9tiseur","description":"Christian magn\u00e9tiseur, barreur de feu depuis des ann\u00e9es, j\u2019interviens sur les adultes, enfants et animaux en pr\u00e9sence ou \u00e0 distance sur photo.\u00a0\u00a0","robots":{"index":"index","follow":"follow","max-snippet":"max-snippet:-1","max-image-preview":"max-image-preview:large","max-video-preview":"max-video-preview:-1"},"canonical":"https:\/\/cris-magnetiseur.fr\/index.php\/ma-biographie\/","og_locale":"fr_FR","og_type":"article","og_title":"Ma biographie - Cris Magn\u00e9tiseur","og_description":"Christian magn\u00e9tiseur, barreur de feu depuis des ann\u00e9es, j\u2019interviens sur les adultes, enfants et animaux en pr\u00e9sence ou \u00e0 distance sur photo.\u00a0\u00a0","og_url":"https:\/\/cris-magnetiseur.fr\/index.php\/ma-biographie\/","og_site_name":"Cris Magn\u00e9tiseur","article_modified_time":"2023-10-29T19:00:33+00:00","og_image":[{"url":"http:\/\/cris-magnetiseur.fr\/wp-content\/uploads\/2023\/10\/pierre-pendule-scaled-1-473x1024.jpg","type":"","width":"","height":""}],"twitter_card":"summary_large_image","twitter_misc":{"Dur\u00e9e de lecture estim\u00e9e":"2 minutes"},"schema":{"@context":"https:\/\/schema.org","@graph":[{"@type":"WebPage","@id":"https:\/\/cris-magnetiseur.fr\/index.php\/ma-biographie\/","url":"https:\/\/cris-magnetiseur.fr\/index.php\/ma-biographie\/","name":"Ma biographie - Cris Magn\u00e9tiseur","isPartOf":{"@id":"https:\/\/cris-magnetiseur.fr\/#website"},"primaryImageOfPage":{"@id":"https:\/\/cris-magnetiseur.fr\/index.php\/ma-biographie\/#primaryimage"},"image":{"@id":"https:\/\/cris-magnetiseur.fr\/index.php\/ma-biographie\/#primaryimage"},"thumbnailUrl":"http:\/\/cris-magnetiseur.fr\/wp-content\/uploads\/2023\/10\/pierre-pendule-scaled-1-473x1024.jpg","datePublished":"2023-10-27T08:18:54+00:00","dateModified":"2023-10-29T19:00:33+00:00","description":"Christian magn\u00e9tiseur, barreur de feu depuis des ann\u00e9es, j\u2019interviens sur les adultes, enfants et animaux en pr\u00e9sence ou \u00e0 distance sur photo.\u00a0\u00a0","breadcrumb":{"@id":"https:\/\/cris-magnetiseur.fr\/index.php\/ma-biographie\/#breadcrumb"},"inLanguage":"fr-FR","potentialAction":[{"@type":"ReadAction","target":["https:\/\/cris-magnetiseur.fr\/index.php\/ma-biographie\/"]}]},{"@type":"ImageObject","inLanguage":"fr-FR","@id":"https:\/\/cris-magnetiseur.fr\/index.php\/ma-biographie\/#primaryimage","url":"https:\/\/cris-magnetiseur.fr\/wp-content\/uploads\/2023\/10\/pierre-pendule-scaled-1.jpg","contentUrl":"https:\/\/cris-magnetiseur.fr\/wp-content\/uploads\/2023\/10\/pierre-pendule-scaled-1.jpg","width":1183,"height":2560},{"@type":"BreadcrumbList","@id":"https:\/\/cris-magnetiseur.fr\/index.php\/ma-biographie\/#breadcrumb","itemListElement":[{"@type":"ListItem","position":1,"name":"Accueil","item":"https:\/\/cris-magnetiseur.fr\/"},{"@type":"ListItem","position":2,"name":"Ma biographie"}]},{"@type":"WebSite","@id":"https:\/\/cris-magnetiseur.fr\/#website","url":"https:\/\/cris-magnetiseur.fr\/","name":"Cris Magn\u00e9tiseur","description":"Un site utilisant WordPress","publisher":{"@id":"https:\/\/cris-magnetiseur.fr\/#organization"},"potentialAction":[{"@type":"SearchAction","target":{"@type":"EntryPoint","urlTemplate":"https:\/\/cris-magnetiseur.fr\/?s={search_term_string}"},"query-input":{"@type":"PropertyValueSpecification","valueRequired":true,"valueName":"search_term_string"}}],"inLanguage":"fr-FR"},{"@type":"Organization","@id":"https:\/\/cris-magnetiseur.fr\/#organization","name":"Cris Magn\u00e9tiseur","url":"https:\/\/cris-magnetiseur.fr\/","logo":{"@type":"ImageObject","inLanguage":"fr-FR","@id":"https:\/\/cris-magnetiseur.fr\/#\/schema\/logo\/image\/","url":"https:\/\/cris-magnetiseur.fr\/wp-content\/uploads\/2023\/10\/Logo-Magnetiseur-six-fours-les-plages.png","contentUrl":"https:\/\/cris-magnetiseur.fr\/wp-content\/uploads\/2023\/10\/Logo-Magnetiseur-six-fours-les-plages.png","width":500,"height":500,"caption":"Cris Magn\u00e9tiseur"},"image":{"@id":"https:\/\/cris-magnetiseur.fr\/#\/schema\/logo\/image\/"}}]}},"_links":{"self":[{"href":"https:\/\/cris-magnetiseur.fr\/index.php\/wp-json\/wp\/v2\/pages\/39","targetHints":{"allow":["GET"]}}],"collection":[{"href":"https:\/\/cris-magnetiseur.fr\/index.php\/wp-json\/wp\/v2\/pages"}],"about":[{"href":"https:\/\/cris-magnetiseur.fr\/index.php\/wp-json\/wp\/v2\/types\/page"}],"author":[{"embeddable":true,"href":"https:\/\/cris-magnetiseur.fr\/index.php\/wp-json\/wp\/v2\/users\/1"}],"replies":[{"embeddable":true,"href":"https:\/\/cris-magnetiseur.fr\/index.php\/wp-json\/wp\/v2\/comments?post=39"}],"version-history":[{"count":7,"href":"https:\/\/cris-magnetiseur.fr\/index.php\/wp-json\/wp\/v2\/pages\/39\/revisions"}],"predecessor-version":[{"id":149,"href":"https:\/\/cris-magnetiseur.fr\/index.php\/wp-json\/wp\/v2\/pages\/39\/revisions\/149"}],"wp:attachment":[{"href":"https:\/\/cris-magnetiseur.fr\/index.php\/wp-json\/wp\/v2\/media?parent=39"}],"curies":[{"name":"wp","href":"https:\/\/api.w.org\/{rel}","templated":true}]}}