{"id":35,"date":"2023-10-27T10:18:52","date_gmt":"2023-10-27T08:18:52","guid":{"rendered":"https:\/\/cris-magnetiseur.fr\/index.php\/seance\/"},"modified":"2023-10-29T20:07:00","modified_gmt":"2023-10-29T19:07:00","slug":"seance","status":"publish","type":"page","link":"https:\/\/cris-magnetiseur.fr\/index.php\/seance\/","title":{"rendered":"S\u00e9ance"},"content":{"rendered":"\t\t<div data-elementor-type=\"wp-page\" data-elementor-id=\"35\" class=\"elementor elementor-35\">\n\t\t\t\t\t\t<section class=\"elementor-section elementor-top-section elementor-element elementor-element-73183c0e elementor-section-height-min-height elementor-section-content-bottom elementor-section-boxed elementor-section-height-default elementor-section-items-middle wpr-particle-no wpr-jarallax-no wpr-parallax-no wpr-sticky-section-no wpr-equal-height-no\" data-id=\"73183c0e\" data-element_type=\"section\" data-e-type=\"section\" data-settings=\"{&quot;background_background&quot;:&quot;classic&quot;}\">\n\t\t\t\t\t\t<div class=\"elementor-container elementor-column-gap-default\">\n\t\t\t\t\t<div class=\"elementor-column elementor-col-100 elementor-top-column elementor-element elementor-element-5c4dfb55\" data-id=\"5c4dfb55\" data-element_type=\"column\" data-e-type=\"column\">\n\t\t\t<div class=\"elementor-widget-wrap elementor-element-populated\">\n\t\t\t\t\t\t<div class=\"elementor-element elementor-element-7c21d501 elementor-invisible elementor-widget elementor-widget-heading\" data-id=\"7c21d501\" data-element_type=\"widget\" data-e-type=\"widget\" data-settings=\"{&quot;_animation&quot;:&quot;fadeIn&quot;}\" data-widget_type=\"heading.default\">\n\t\t\t\t<div class=\"elementor-widget-container\">\n\t\t\t\t\t<h2 class=\"elementor-heading-title elementor-size-default\">S\u00e9ance Magn\u00e9tisme<\/h2>\t\t\t\t<\/div>\n\t\t\t\t<\/div>\n\t\t\t\t\t<\/div>\n\t\t<\/div>\n\t\t\t\t\t<\/div>\n\t\t<\/section>\n\t\t\t\t<section class=\"elementor-section elementor-top-section elementor-element elementor-element-2ef6bf03 elementor-section-boxed elementor-section-height-default elementor-section-height-default wpr-particle-no wpr-jarallax-no wpr-parallax-no wpr-sticky-section-no wpr-equal-height-no\" data-id=\"2ef6bf03\" data-element_type=\"section\" data-e-type=\"section\">\n\t\t\t\t\t\t\t<div class=\"elementor-background-overlay\"><\/div>\n\t\t\t\t\t\t\t<div class=\"elementor-container elementor-column-gap-default\">\n\t\t\t\t\t<div class=\"elementor-column elementor-col-50 elementor-top-column elementor-element elementor-element-19c145eb\" data-id=\"19c145eb\" data-element_type=\"column\" data-e-type=\"column\">\n\t\t\t<div class=\"elementor-widget-wrap elementor-element-populated\">\n\t\t\t\t\t\t<div class=\"elementor-element elementor-element-1340243c elementor-invisible elementor-widget elementor-widget-heading\" data-id=\"1340243c\" data-element_type=\"widget\" data-e-type=\"widget\" data-settings=\"{&quot;_animation&quot;:&quot;slideInLeft&quot;,&quot;_animation_delay&quot;:100}\" data-widget_type=\"heading.default\">\n\t\t\t\t<div class=\"elementor-widget-container\">\n\t\t\t\t\t<h2 class=\"elementor-heading-title elementor-size-default\">S\u00e9ance de magn\u00e9tisme<\/h2>\t\t\t\t<\/div>\n\t\t\t\t<\/div>\n\t\t\t\t<div class=\"elementor-element elementor-element-4ad5bd00 elementor-invisible elementor-widget elementor-widget-text-editor\" data-id=\"4ad5bd00\" data-element_type=\"widget\" data-e-type=\"widget\" data-settings=\"{&quot;_animation&quot;:&quot;slideInLeft&quot;,&quot;_animation_delay&quot;:200}\" data-widget_type=\"text-editor.default\">\n\t\t\t\t<div class=\"elementor-widget-container\">\n\t\t\t\t\t\t\t\t\t<p>je vous propose une s\u00e9ance de\u00a0<strong>magn\u00e9tisme<\/strong>\u00a0compl\u00e8te,<\/p><p>Nous parlerons ensemble de vos attentes et des probl\u00e8mes que vous rencontrez.<\/p><p>Vous fermerez les yeux pour vous d\u00e9tendre, je proc\u00e9derais au nettoyage des mauvaises \u00e9nergies, \u00e0 la v\u00e9rification de l&rsquo;alignement, ouverture ou blocage de vos <strong>chakras<\/strong>\u00a0au\u00a0<strong>pendule<\/strong>\u00a0et r\u00e9\u00e9quilibrage avec un contr\u00f4le de circulation de l&rsquo;\u00e9nergie entre le\u00a0<strong>chakras<\/strong>\u00a0. J&rsquo;interviens sur les points qui vous d\u00e9clenchent les<strong>\u00a0douleurs<\/strong>\u00a0par le\u00a0<strong>magn\u00e9tisme<\/strong>\u00a0envoy\u00e9 par mes mains. Un rechargement en \u00e9nergie par des passes sur votre corps vous aideront \u00e0 mieux lutter.<\/p><p>Je termine la\u00a0<strong>s\u00e9ance<\/strong>\u00a0en utilisant les vibrations du<strong>\u00a0bol chantant tib\u00e9tain<\/strong>\u00a0pour r\u00e9organiser la structure de l&rsquo;eau qui est dans notre corps.<\/p><p>vous prendrez le temps de vous r\u00e9veiller, de vous asseoir et de retrouver votre corps. Une sensation de l\u00e9g\u00e8re fatigue se fera ressentir, je serais \u00e0 c\u00f4t\u00e9 de vous le temps de ressentir la plante des pieds au sol.<\/p><p>Il faut boire pendant 24h, les effets du\u00a0<strong>magn\u00e9tisme<\/strong>\u00a0se feront ressentir au bout de 21 jours.<\/p><p>Certaines\u00a0<strong>douleurs<\/strong>\u00a0peuvent se faire ressentir quelques heures apr\u00e8s la\u00a0<strong>s\u00e9ance<\/strong> en quittant votre corps pour dispara\u00eetre.<\/p>\t\t\t\t\t\t\t\t<\/div>\n\t\t\t\t<\/div>\n\t\t\t\t\t<\/div>\n\t\t<\/div>\n\t\t\t\t<div class=\"elementor-column elementor-col-50 elementor-top-column elementor-element elementor-element-63ebbb11\" data-id=\"63ebbb11\" data-element_type=\"column\" data-e-type=\"column\">\n\t\t\t<div class=\"elementor-widget-wrap elementor-element-populated\">\n\t\t\t\t\t\t<div class=\"elementor-element elementor-element-52251606 elementor-invisible elementor-widget elementor-widget-image\" data-id=\"52251606\" data-element_type=\"widget\" data-e-type=\"widget\" data-settings=\"{&quot;_animation&quot;:&quot;slideInRight&quot;}\" data-widget_type=\"image.default\">\n\t\t\t\t<div class=\"elementor-widget-container\">\n\t\t\t\t\t\t\t\t\t\t\t\t\t\t\t<img fetchpriority=\"high\" decoding=\"async\" width=\"768\" height=\"1024\" src=\"https:\/\/cris-magnetiseur.fr\/wp-content\/uploads\/2023\/10\/1697318010365-1-768x1024.jpg\" class=\"attachment-large size-large wp-image-36\" alt=\"\" srcset=\"https:\/\/cris-magnetiseur.fr\/wp-content\/uploads\/2023\/10\/1697318010365-1-768x1024.jpg 768w, https:\/\/cris-magnetiseur.fr\/wp-content\/uploads\/2023\/10\/1697318010365-1-225x300.jpg 225w, https:\/\/cris-magnetiseur.fr\/wp-content\/uploads\/2023\/10\/1697318010365-1.jpg 1080w\" sizes=\"(max-width: 768px) 100vw, 768px\" \/>\t\t\t\t\t\t\t\t\t\t\t\t\t\t\t<\/div>\n\t\t\t\t<\/div>\n\t\t\t\t\t<\/div>\n\t\t<\/div>\n\t\t\t\t\t<\/div>\n\t\t<\/section>\n\t\t\t\t<\/div>\n\t\t","protected":false},"excerpt":{"rendered":"<p>S\u00e9ance Magn\u00e9tisme S\u00e9ance de magn\u00e9tisme je vous propose une s\u00e9ance de\u00a0magn\u00e9tisme\u00a0compl\u00e8te, Nous parlerons ensemble de vos attentes et des probl\u00e8mes que vous rencontrez. Vous fermerez les yeux pour vous d\u00e9tendre, je proc\u00e9derais au nettoyage des mauvaises \u00e9nergies, \u00e0 la v\u00e9rification de l&rsquo;alignement, ouverture ou blocage de vos chakras\u00a0au\u00a0pendule\u00a0et r\u00e9\u00e9quilibrage avec un contr\u00f4le de circulation de l&rsquo;\u00e9nergie entre le\u00a0chakras\u00a0. J&rsquo;interviens sur les points qui vous d\u00e9clenchent les\u00a0douleurs\u00a0par le\u00a0magn\u00e9tisme\u00a0envoy\u00e9 par mes mains. Un rechargement en \u00e9nergie par des passes sur votre corps vous aideront \u00e0 mieux lutter. Je termine la\u00a0s\u00e9ance\u00a0en utilisant les vibrations du\u00a0bol chantant tib\u00e9tain\u00a0pour r\u00e9organiser la structure de l&rsquo;eau qui est dans notre corps. vous prendrez le temps de vous r\u00e9veiller, de vous asseoir et de retrouver votre corps. Une sensation de l\u00e9g\u00e8re fatigue se fera ressentir, je serais \u00e0 c\u00f4t\u00e9 de vous le temps de ressentir la plante des pieds au sol. Il faut boire pendant 24h, les effets du\u00a0magn\u00e9tisme\u00a0se feront ressentir au bout de 21 jours. Certaines\u00a0douleurs\u00a0peuvent se faire ressentir quelques heures apr\u00e8s la\u00a0s\u00e9ance en quittant votre corps pour dispara\u00eetre.<\/p>\n","protected":false},"author":1,"featured_media":0,"parent":0,"menu_order":0,"comment_status":"closed","ping_status":"closed","template":"elementor_canvas","meta":{"footnotes":""},"class_list":["post-35","page","type-page","status-publish","hentry"],"yoast_head":"<!-- This site is optimized with the Yoast SEO plugin v27.5 - https:\/\/yoast.com\/product\/yoast-seo-wordpress\/ -->\n<title>S\u00e9ance - Cris Magn\u00e9tiseur<\/title>\n<meta name=\"description\" content=\"Christian magn\u00e9tiseur, barreur de feu depuis des ann\u00e9es, j\u2019interviens sur les adultes, enfants et animaux en pr\u00e9sence ou \u00e0 distance sur photo.\u00a0\u00a0\" \/>\n<meta name=\"robots\" content=\"index, follow, max-snippet:-1, max-image-preview:large, max-video-preview:-1\" \/>\n<link rel=\"canonical\" href=\"https:\/\/cris-magnetiseur.fr\/index.php\/seance\/\" \/>\n<meta property=\"og:locale\" content=\"fr_FR\" \/>\n<meta property=\"og:type\" content=\"article\" \/>\n<meta property=\"og:title\" content=\"S\u00e9ance - Cris Magn\u00e9tiseur\" \/>\n<meta property=\"og:description\" content=\"Christian magn\u00e9tiseur, barreur de feu depuis des ann\u00e9es, j\u2019interviens sur les adultes, enfants et animaux en pr\u00e9sence ou \u00e0 distance sur photo.\u00a0\u00a0\" \/>\n<meta property=\"og:url\" content=\"https:\/\/cris-magnetiseur.fr\/index.php\/seance\/\" \/>\n<meta property=\"og:site_name\" content=\"Cris Magn\u00e9tiseur\" \/>\n<meta property=\"article:modified_time\" content=\"2023-10-29T19:07:00+00:00\" \/>\n<meta property=\"og:image\" content=\"http:\/\/cris-magnetiseur.fr\/wp-content\/uploads\/2023\/10\/1697318010365-1-768x1024.jpg\" \/>\n<meta name=\"twitter:card\" content=\"summary_large_image\" \/>\n<meta name=\"twitter:label1\" content=\"Dur\u00e9e de lecture estim\u00e9e\" \/>\n\t<meta name=\"twitter:data1\" content=\"2 minutes\" \/>\n<script type=\"application\/ld+json\" class=\"yoast-schema-graph\">{\"@context\":\"https:\\\/\\\/schema.org\",\"@graph\":[{\"@type\":\"WebPage\",\"@id\":\"https:\\\/\\\/cris-magnetiseur.fr\\\/index.php\\\/seance\\\/\",\"url\":\"https:\\\/\\\/cris-magnetiseur.fr\\\/index.php\\\/seance\\\/\",\"name\":\"S\u00e9ance - Cris Magn\u00e9tiseur\",\"isPartOf\":{\"@id\":\"https:\\\/\\\/cris-magnetiseur.fr\\\/#website\"},\"primaryImageOfPage\":{\"@id\":\"https:\\\/\\\/cris-magnetiseur.fr\\\/index.php\\\/seance\\\/#primaryimage\"},\"image\":{\"@id\":\"https:\\\/\\\/cris-magnetiseur.fr\\\/index.php\\\/seance\\\/#primaryimage\"},\"thumbnailUrl\":\"http:\\\/\\\/cris-magnetiseur.fr\\\/wp-content\\\/uploads\\\/2023\\\/10\\\/1697318010365-1-768x1024.jpg\",\"datePublished\":\"2023-10-27T08:18:52+00:00\",\"dateModified\":\"2023-10-29T19:07:00+00:00\",\"description\":\"Christian magn\u00e9tiseur, barreur de feu depuis des ann\u00e9es, j\u2019interviens sur les adultes, enfants et animaux en pr\u00e9sence ou \u00e0 distance sur photo.\u00a0\u00a0\",\"breadcrumb\":{\"@id\":\"https:\\\/\\\/cris-magnetiseur.fr\\\/index.php\\\/seance\\\/#breadcrumb\"},\"inLanguage\":\"fr-FR\",\"potentialAction\":[{\"@type\":\"ReadAction\",\"target\":[\"https:\\\/\\\/cris-magnetiseur.fr\\\/index.php\\\/seance\\\/\"]}]},{\"@type\":\"ImageObject\",\"inLanguage\":\"fr-FR\",\"@id\":\"https:\\\/\\\/cris-magnetiseur.fr\\\/index.php\\\/seance\\\/#primaryimage\",\"url\":\"https:\\\/\\\/cris-magnetiseur.fr\\\/wp-content\\\/uploads\\\/2023\\\/10\\\/1697318010365-1.jpg\",\"contentUrl\":\"https:\\\/\\\/cris-magnetiseur.fr\\\/wp-content\\\/uploads\\\/2023\\\/10\\\/1697318010365-1.jpg\",\"width\":1080,\"height\":1440},{\"@type\":\"BreadcrumbList\",\"@id\":\"https:\\\/\\\/cris-magnetiseur.fr\\\/index.php\\\/seance\\\/#breadcrumb\",\"itemListElement\":[{\"@type\":\"ListItem\",\"position\":1,\"name\":\"Accueil\",\"item\":\"https:\\\/\\\/cris-magnetiseur.fr\\\/\"},{\"@type\":\"ListItem\",\"position\":2,\"name\":\"S\u00e9ance\"}]},{\"@type\":\"WebSite\",\"@id\":\"https:\\\/\\\/cris-magnetiseur.fr\\\/#website\",\"url\":\"https:\\\/\\\/cris-magnetiseur.fr\\\/\",\"name\":\"Cris Magn\u00e9tiseur\",\"description\":\"Un site utilisant WordPress\",\"publisher\":{\"@id\":\"https:\\\/\\\/cris-magnetiseur.fr\\\/#organization\"},\"potentialAction\":[{\"@type\":\"SearchAction\",\"target\":{\"@type\":\"EntryPoint\",\"urlTemplate\":\"https:\\\/\\\/cris-magnetiseur.fr\\\/?s={search_term_string}\"},\"query-input\":{\"@type\":\"PropertyValueSpecification\",\"valueRequired\":true,\"valueName\":\"search_term_string\"}}],\"inLanguage\":\"fr-FR\"},{\"@type\":\"Organization\",\"@id\":\"https:\\\/\\\/cris-magnetiseur.fr\\\/#organization\",\"name\":\"Cris Magn\u00e9tiseur\",\"url\":\"https:\\\/\\\/cris-magnetiseur.fr\\\/\",\"logo\":{\"@type\":\"ImageObject\",\"inLanguage\":\"fr-FR\",\"@id\":\"https:\\\/\\\/cris-magnetiseur.fr\\\/#\\\/schema\\\/logo\\\/image\\\/\",\"url\":\"https:\\\/\\\/cris-magnetiseur.fr\\\/wp-content\\\/uploads\\\/2023\\\/10\\\/Logo-Magnetiseur-six-fours-les-plages.png\",\"contentUrl\":\"https:\\\/\\\/cris-magnetiseur.fr\\\/wp-content\\\/uploads\\\/2023\\\/10\\\/Logo-Magnetiseur-six-fours-les-plages.png\",\"width\":500,\"height\":500,\"caption\":\"Cris Magn\u00e9tiseur\"},\"image\":{\"@id\":\"https:\\\/\\\/cris-magnetiseur.fr\\\/#\\\/schema\\\/logo\\\/image\\\/\"}}]}<\/script>\n<!-- \/ Yoast SEO plugin. -->","yoast_head_json":{"title":"S\u00e9ance - Cris Magn\u00e9tiseur","description":"Christian magn\u00e9tiseur, barreur de feu depuis des ann\u00e9es, j\u2019interviens sur les adultes, enfants et animaux en pr\u00e9sence ou \u00e0 distance sur photo.\u00a0\u00a0","robots":{"index":"index","follow":"follow","max-snippet":"max-snippet:-1","max-image-preview":"max-image-preview:large","max-video-preview":"max-video-preview:-1"},"canonical":"https:\/\/cris-magnetiseur.fr\/index.php\/seance\/","og_locale":"fr_FR","og_type":"article","og_title":"S\u00e9ance - Cris Magn\u00e9tiseur","og_description":"Christian magn\u00e9tiseur, barreur de feu depuis des ann\u00e9es, j\u2019interviens sur les adultes, enfants et animaux en pr\u00e9sence ou \u00e0 distance sur photo.\u00a0\u00a0","og_url":"https:\/\/cris-magnetiseur.fr\/index.php\/seance\/","og_site_name":"Cris Magn\u00e9tiseur","article_modified_time":"2023-10-29T19:07:00+00:00","og_image":[{"url":"http:\/\/cris-magnetiseur.fr\/wp-content\/uploads\/2023\/10\/1697318010365-1-768x1024.jpg","type":"","width":"","height":""}],"twitter_card":"summary_large_image","twitter_misc":{"Dur\u00e9e de lecture estim\u00e9e":"2 minutes"},"schema":{"@context":"https:\/\/schema.org","@graph":[{"@type":"WebPage","@id":"https:\/\/cris-magnetiseur.fr\/index.php\/seance\/","url":"https:\/\/cris-magnetiseur.fr\/index.php\/seance\/","name":"S\u00e9ance - Cris Magn\u00e9tiseur","isPartOf":{"@id":"https:\/\/cris-magnetiseur.fr\/#website"},"primaryImageOfPage":{"@id":"https:\/\/cris-magnetiseur.fr\/index.php\/seance\/#primaryimage"},"image":{"@id":"https:\/\/cris-magnetiseur.fr\/index.php\/seance\/#primaryimage"},"thumbnailUrl":"http:\/\/cris-magnetiseur.fr\/wp-content\/uploads\/2023\/10\/1697318010365-1-768x1024.jpg","datePublished":"2023-10-27T08:18:52+00:00","dateModified":"2023-10-29T19:07:00+00:00","description":"Christian magn\u00e9tiseur, barreur de feu depuis des ann\u00e9es, j\u2019interviens sur les adultes, enfants et animaux en pr\u00e9sence ou \u00e0 distance sur photo.\u00a0\u00a0","breadcrumb":{"@id":"https:\/\/cris-magnetiseur.fr\/index.php\/seance\/#breadcrumb"},"inLanguage":"fr-FR","potentialAction":[{"@type":"ReadAction","target":["https:\/\/cris-magnetiseur.fr\/index.php\/seance\/"]}]},{"@type":"ImageObject","inLanguage":"fr-FR","@id":"https:\/\/cris-magnetiseur.fr\/index.php\/seance\/#primaryimage","url":"https:\/\/cris-magnetiseur.fr\/wp-content\/uploads\/2023\/10\/1697318010365-1.jpg","contentUrl":"https:\/\/cris-magnetiseur.fr\/wp-content\/uploads\/2023\/10\/1697318010365-1.jpg","width":1080,"height":1440},{"@type":"BreadcrumbList","@id":"https:\/\/cris-magnetiseur.fr\/index.php\/seance\/#breadcrumb","itemListElement":[{"@type":"ListItem","position":1,"name":"Accueil","item":"https:\/\/cris-magnetiseur.fr\/"},{"@type":"ListItem","position":2,"name":"S\u00e9ance"}]},{"@type":"WebSite","@id":"https:\/\/cris-magnetiseur.fr\/#website","url":"https:\/\/cris-magnetiseur.fr\/","name":"Cris Magn\u00e9tiseur","description":"Un site utilisant WordPress","publisher":{"@id":"https:\/\/cris-magnetiseur.fr\/#organization"},"potentialAction":[{"@type":"SearchAction","target":{"@type":"EntryPoint","urlTemplate":"https:\/\/cris-magnetiseur.fr\/?s={search_term_string}"},"query-input":{"@type":"PropertyValueSpecification","valueRequired":true,"valueName":"search_term_string"}}],"inLanguage":"fr-FR"},{"@type":"Organization","@id":"https:\/\/cris-magnetiseur.fr\/#organization","name":"Cris Magn\u00e9tiseur","url":"https:\/\/cris-magnetiseur.fr\/","logo":{"@type":"ImageObject","inLanguage":"fr-FR","@id":"https:\/\/cris-magnetiseur.fr\/#\/schema\/logo\/image\/","url":"https:\/\/cris-magnetiseur.fr\/wp-content\/uploads\/2023\/10\/Logo-Magnetiseur-six-fours-les-plages.png","contentUrl":"https:\/\/cris-magnetiseur.fr\/wp-content\/uploads\/2023\/10\/Logo-Magnetiseur-six-fours-les-plages.png","width":500,"height":500,"caption":"Cris Magn\u00e9tiseur"},"image":{"@id":"https:\/\/cris-magnetiseur.fr\/#\/schema\/logo\/image\/"}}]}},"_links":{"self":[{"href":"https:\/\/cris-magnetiseur.fr\/index.php\/wp-json\/wp\/v2\/pages\/35","targetHints":{"allow":["GET"]}}],"collection":[{"href":"https:\/\/cris-magnetiseur.fr\/index.php\/wp-json\/wp\/v2\/pages"}],"about":[{"href":"https:\/\/cris-magnetiseur.fr\/index.php\/wp-json\/wp\/v2\/types\/page"}],"author":[{"embeddable":true,"href":"https:\/\/cris-magnetiseur.fr\/index.php\/wp-json\/wp\/v2\/users\/1"}],"replies":[{"embeddable":true,"href":"https:\/\/cris-magnetiseur.fr\/index.php\/wp-json\/wp\/v2\/comments?post=35"}],"version-history":[{"count":10,"href":"https:\/\/cris-magnetiseur.fr\/index.php\/wp-json\/wp\/v2\/pages\/35\/revisions"}],"predecessor-version":[{"id":155,"href":"https:\/\/cris-magnetiseur.fr\/index.php\/wp-json\/wp\/v2\/pages\/35\/revisions\/155"}],"wp:attachment":[{"href":"https:\/\/cris-magnetiseur.fr\/index.php\/wp-json\/wp\/v2\/media?parent=35"}],"curies":[{"name":"wp","href":"https:\/\/api.w.org\/{rel}","templated":true}]}}