{"id":232,"date":"2026-02-20T14:35:40","date_gmt":"2026-02-20T13:35:40","guid":{"rendered":"https:\/\/cris-magnetiseur.fr\/?page_id=232"},"modified":"2026-02-21T21:48:12","modified_gmt":"2026-02-21T20:48:12","slug":"elementor-page-232","status":"publish","type":"page","link":"https:\/\/cris-magnetiseur.fr\/index.php\/elementor-page-232\/","title":{"rendered":"Elementor Page #232"},"content":{"rendered":"","protected":false},"excerpt":{"rendered":"","protected":false},"author":1,"featured_media":0,"parent":0,"menu_order":0,"comment_status":"closed","ping_status":"closed","template":"","meta":{"footnotes":""},"class_list":["post-232","page","type-page","status-publish","hentry"],"yoast_head":"<!-- This site is optimized with the Yoast SEO plugin v27.4 - https:\/\/yoast.com\/product\/yoast-seo-wordpress\/ -->\n<title>Elementor Page #232 - Cris Magn\u00e9tiseur<\/title>\n<meta name=\"description\" content=\"Christian magn\u00e9tiseur, barreur de feu depuis des ann\u00e9es, j\u2019interviens sur les adultes, enfants et animaux en pr\u00e9sence ou \u00e0 distance sur photo.\u00a0\u00a0\" \/>\n<meta name=\"robots\" content=\"index, follow, max-snippet:-1, max-image-preview:large, max-video-preview:-1\" \/>\n<link rel=\"canonical\" href=\"https:\/\/cris-magnetiseur.fr\/index.php\/elementor-page-232\/\" \/>\n<meta property=\"og:locale\" content=\"fr_FR\" \/>\n<meta property=\"og:type\" content=\"article\" \/>\n<meta property=\"og:title\" content=\"Elementor Page #232 - Cris Magn\u00e9tiseur\" \/>\n<meta property=\"og:description\" content=\"Christian magn\u00e9tiseur, barreur de feu depuis des ann\u00e9es, j\u2019interviens sur les adultes, enfants et animaux en pr\u00e9sence ou \u00e0 distance sur photo.\u00a0\u00a0\" \/>\n<meta property=\"og:url\" content=\"https:\/\/cris-magnetiseur.fr\/index.php\/elementor-page-232\/\" \/>\n<meta property=\"og:site_name\" content=\"Cris Magn\u00e9tiseur\" \/>\n<meta property=\"article:modified_time\" content=\"2026-02-21T20:48:12+00:00\" \/>\n<meta name=\"twitter:card\" content=\"summary_large_image\" \/>\n<script type=\"application\/ld+json\" class=\"yoast-schema-graph\">{\"@context\":\"https:\\\/\\\/schema.org\",\"@graph\":[{\"@type\":\"WebPage\",\"@id\":\"https:\\\/\\\/cris-magnetiseur.fr\\\/index.php\\\/elementor-page-232\\\/\",\"url\":\"https:\\\/\\\/cris-magnetiseur.fr\\\/index.php\\\/elementor-page-232\\\/\",\"name\":\"Elementor Page #232 - Cris Magn\u00e9tiseur\",\"isPartOf\":{\"@id\":\"https:\\\/\\\/cris-magnetiseur.fr\\\/#website\"},\"datePublished\":\"2026-02-20T13:35:40+00:00\",\"dateModified\":\"2026-02-21T20:48:12+00:00\",\"description\":\"Christian magn\u00e9tiseur, barreur de feu depuis des ann\u00e9es, j\u2019interviens sur les adultes, enfants et animaux en pr\u00e9sence ou \u00e0 distance sur photo.\u00a0\u00a0\",\"breadcrumb\":{\"@id\":\"https:\\\/\\\/cris-magnetiseur.fr\\\/index.php\\\/elementor-page-232\\\/#breadcrumb\"},\"inLanguage\":\"fr-FR\",\"potentialAction\":[{\"@type\":\"ReadAction\",\"target\":[\"https:\\\/\\\/cris-magnetiseur.fr\\\/index.php\\\/elementor-page-232\\\/\"]}]},{\"@type\":\"BreadcrumbList\",\"@id\":\"https:\\\/\\\/cris-magnetiseur.fr\\\/index.php\\\/elementor-page-232\\\/#breadcrumb\",\"itemListElement\":[{\"@type\":\"ListItem\",\"position\":1,\"name\":\"Accueil\",\"item\":\"https:\\\/\\\/cris-magnetiseur.fr\\\/\"},{\"@type\":\"ListItem\",\"position\":2,\"name\":\"Elementor Page #232\"}]},{\"@type\":\"WebSite\",\"@id\":\"https:\\\/\\\/cris-magnetiseur.fr\\\/#website\",\"url\":\"https:\\\/\\\/cris-magnetiseur.fr\\\/\",\"name\":\"Cris Magn\u00e9tiseur\",\"description\":\"Un site utilisant WordPress\",\"publisher\":{\"@id\":\"https:\\\/\\\/cris-magnetiseur.fr\\\/#organization\"},\"potentialAction\":[{\"@type\":\"SearchAction\",\"target\":{\"@type\":\"EntryPoint\",\"urlTemplate\":\"https:\\\/\\\/cris-magnetiseur.fr\\\/?s={search_term_string}\"},\"query-input\":{\"@type\":\"PropertyValueSpecification\",\"valueRequired\":true,\"valueName\":\"search_term_string\"}}],\"inLanguage\":\"fr-FR\"},{\"@type\":\"Organization\",\"@id\":\"https:\\\/\\\/cris-magnetiseur.fr\\\/#organization\",\"name\":\"Cris Magn\u00e9tiseur\",\"url\":\"https:\\\/\\\/cris-magnetiseur.fr\\\/\",\"logo\":{\"@type\":\"ImageObject\",\"inLanguage\":\"fr-FR\",\"@id\":\"https:\\\/\\\/cris-magnetiseur.fr\\\/#\\\/schema\\\/logo\\\/image\\\/\",\"url\":\"https:\\\/\\\/cris-magnetiseur.fr\\\/wp-content\\\/uploads\\\/2023\\\/10\\\/Logo-Magnetiseur-six-fours-les-plages.png\",\"contentUrl\":\"https:\\\/\\\/cris-magnetiseur.fr\\\/wp-content\\\/uploads\\\/2023\\\/10\\\/Logo-Magnetiseur-six-fours-les-plages.png\",\"width\":500,\"height\":500,\"caption\":\"Cris Magn\u00e9tiseur\"},\"image\":{\"@id\":\"https:\\\/\\\/cris-magnetiseur.fr\\\/#\\\/schema\\\/logo\\\/image\\\/\"}}]}<\/script>\n<!-- \/ Yoast SEO plugin. -->","yoast_head_json":{"title":"Elementor Page #232 - Cris Magn\u00e9tiseur","description":"Christian magn\u00e9tiseur, barreur de feu depuis des ann\u00e9es, j\u2019interviens sur les adultes, enfants et animaux en pr\u00e9sence ou \u00e0 distance sur photo.\u00a0\u00a0","robots":{"index":"index","follow":"follow","max-snippet":"max-snippet:-1","max-image-preview":"max-image-preview:large","max-video-preview":"max-video-preview:-1"},"canonical":"https:\/\/cris-magnetiseur.fr\/index.php\/elementor-page-232\/","og_locale":"fr_FR","og_type":"article","og_title":"Elementor Page #232 - Cris Magn\u00e9tiseur","og_description":"Christian magn\u00e9tiseur, barreur de feu depuis des ann\u00e9es, j\u2019interviens sur les adultes, enfants et animaux en pr\u00e9sence ou \u00e0 distance sur photo.\u00a0\u00a0","og_url":"https:\/\/cris-magnetiseur.fr\/index.php\/elementor-page-232\/","og_site_name":"Cris Magn\u00e9tiseur","article_modified_time":"2026-02-21T20:48:12+00:00","twitter_card":"summary_large_image","schema":{"@context":"https:\/\/schema.org","@graph":[{"@type":"WebPage","@id":"https:\/\/cris-magnetiseur.fr\/index.php\/elementor-page-232\/","url":"https:\/\/cris-magnetiseur.fr\/index.php\/elementor-page-232\/","name":"Elementor Page #232 - Cris Magn\u00e9tiseur","isPartOf":{"@id":"https:\/\/cris-magnetiseur.fr\/#website"},"datePublished":"2026-02-20T13:35:40+00:00","dateModified":"2026-02-21T20:48:12+00:00","description":"Christian magn\u00e9tiseur, barreur de feu depuis des ann\u00e9es, j\u2019interviens sur les adultes, enfants et animaux en pr\u00e9sence ou \u00e0 distance sur photo.\u00a0\u00a0","breadcrumb":{"@id":"https:\/\/cris-magnetiseur.fr\/index.php\/elementor-page-232\/#breadcrumb"},"inLanguage":"fr-FR","potentialAction":[{"@type":"ReadAction","target":["https:\/\/cris-magnetiseur.fr\/index.php\/elementor-page-232\/"]}]},{"@type":"BreadcrumbList","@id":"https:\/\/cris-magnetiseur.fr\/index.php\/elementor-page-232\/#breadcrumb","itemListElement":[{"@type":"ListItem","position":1,"name":"Accueil","item":"https:\/\/cris-magnetiseur.fr\/"},{"@type":"ListItem","position":2,"name":"Elementor Page #232"}]},{"@type":"WebSite","@id":"https:\/\/cris-magnetiseur.fr\/#website","url":"https:\/\/cris-magnetiseur.fr\/","name":"Cris Magn\u00e9tiseur","description":"Un site utilisant WordPress","publisher":{"@id":"https:\/\/cris-magnetiseur.fr\/#organization"},"potentialAction":[{"@type":"SearchAction","target":{"@type":"EntryPoint","urlTemplate":"https:\/\/cris-magnetiseur.fr\/?s={search_term_string}"},"query-input":{"@type":"PropertyValueSpecification","valueRequired":true,"valueName":"search_term_string"}}],"inLanguage":"fr-FR"},{"@type":"Organization","@id":"https:\/\/cris-magnetiseur.fr\/#organization","name":"Cris Magn\u00e9tiseur","url":"https:\/\/cris-magnetiseur.fr\/","logo":{"@type":"ImageObject","inLanguage":"fr-FR","@id":"https:\/\/cris-magnetiseur.fr\/#\/schema\/logo\/image\/","url":"https:\/\/cris-magnetiseur.fr\/wp-content\/uploads\/2023\/10\/Logo-Magnetiseur-six-fours-les-plages.png","contentUrl":"https:\/\/cris-magnetiseur.fr\/wp-content\/uploads\/2023\/10\/Logo-Magnetiseur-six-fours-les-plages.png","width":500,"height":500,"caption":"Cris Magn\u00e9tiseur"},"image":{"@id":"https:\/\/cris-magnetiseur.fr\/#\/schema\/logo\/image\/"}}]}},"_links":{"self":[{"href":"https:\/\/cris-magnetiseur.fr\/index.php\/wp-json\/wp\/v2\/pages\/232","targetHints":{"allow":["GET"]}}],"collection":[{"href":"https:\/\/cris-magnetiseur.fr\/index.php\/wp-json\/wp\/v2\/pages"}],"about":[{"href":"https:\/\/cris-magnetiseur.fr\/index.php\/wp-json\/wp\/v2\/types\/page"}],"author":[{"embeddable":true,"href":"https:\/\/cris-magnetiseur.fr\/index.php\/wp-json\/wp\/v2\/users\/1"}],"replies":[{"embeddable":true,"href":"https:\/\/cris-magnetiseur.fr\/index.php\/wp-json\/wp\/v2\/comments?post=232"}],"version-history":[{"count":7,"href":"https:\/\/cris-magnetiseur.fr\/index.php\/wp-json\/wp\/v2\/pages\/232\/revisions"}],"predecessor-version":[{"id":254,"href":"https:\/\/cris-magnetiseur.fr\/index.php\/wp-json\/wp\/v2\/pages\/232\/revisions\/254"}],"wp:attachment":[{"href":"https:\/\/cris-magnetiseur.fr\/index.php\/wp-json\/wp\/v2\/media?parent=232"}],"curies":[{"name":"wp","href":"https:\/\/api.w.org\/{rel}","templated":true}]}}