{"id":14,"date":"2023-10-27T10:18:42","date_gmt":"2023-10-27T08:18:42","guid":{"rendered":"https:\/\/cris-magnetiseur.fr\/index.php\/contact\/"},"modified":"2026-02-21T22:15:01","modified_gmt":"2026-02-21T21:15:01","slug":"contact","status":"publish","type":"page","link":"https:\/\/cris-magnetiseur.fr\/index.php\/contact\/","title":{"rendered":"Contact"},"content":{"rendered":"\t\t<div data-elementor-type=\"wp-page\" data-elementor-id=\"14\" class=\"elementor elementor-14\">\n\t\t\t\t\t\t<section class=\"elementor-section elementor-top-section elementor-element elementor-element-32b055eb elementor-section-height-min-height elementor-section-content-bottom elementor-section-boxed elementor-section-height-default elementor-section-items-middle wpr-particle-no wpr-jarallax-no wpr-parallax-no wpr-sticky-section-no wpr-equal-height-no\" data-id=\"32b055eb\" data-element_type=\"section\" data-e-type=\"section\" data-settings=\"{&quot;background_background&quot;:&quot;classic&quot;}\">\n\t\t\t\t\t\t<div class=\"elementor-container elementor-column-gap-default\">\n\t\t\t\t\t<div class=\"elementor-column elementor-col-100 elementor-top-column elementor-element elementor-element-420b629f\" data-id=\"420b629f\" data-element_type=\"column\" data-e-type=\"column\">\n\t\t\t<div class=\"elementor-widget-wrap elementor-element-populated\">\n\t\t\t\t\t\t<div class=\"elementor-element elementor-element-25cfbc1b elementor-invisible elementor-widget elementor-widget-heading\" data-id=\"25cfbc1b\" data-element_type=\"widget\" data-e-type=\"widget\" data-settings=\"{&quot;_animation&quot;:&quot;fadeIn&quot;}\" data-widget_type=\"heading.default\">\n\t\t\t\t<div class=\"elementor-widget-container\">\n\t\t\t\t\t<h2 class=\"elementor-heading-title elementor-size-default\">Contact<\/h2>\t\t\t\t<\/div>\n\t\t\t\t<\/div>\n\t\t\t\t\t<\/div>\n\t\t<\/div>\n\t\t\t\t\t<\/div>\n\t\t<\/section>\n\t\t\t\t<section class=\"elementor-section elementor-top-section elementor-element elementor-element-1e595474 elementor-section-height-min-height elementor-section-items-top elementor-section-boxed elementor-section-height-default wpr-particle-no wpr-jarallax-no wpr-parallax-no wpr-sticky-section-no wpr-equal-height-no elementor-invisible\" data-id=\"1e595474\" data-element_type=\"section\" data-e-type=\"section\" data-settings=\"{&quot;animation&quot;:&quot;fadeIn&quot;}\">\n\t\t\t\t\t\t\t<div class=\"elementor-background-overlay\"><\/div>\n\t\t\t\t\t\t\t<div class=\"elementor-container elementor-column-gap-default\">\n\t\t\t\t\t<div class=\"elementor-column elementor-col-50 elementor-top-column elementor-element elementor-element-4a98f20d\" data-id=\"4a98f20d\" data-element_type=\"column\" data-e-type=\"column\">\n\t\t\t<div class=\"elementor-widget-wrap elementor-element-populated\">\n\t\t\t\t\t\t<div class=\"elementor-element elementor-element-19ff63c8 elementor-invisible elementor-widget elementor-widget-heading\" data-id=\"19ff63c8\" data-element_type=\"widget\" data-e-type=\"widget\" data-settings=\"{&quot;_animation&quot;:&quot;slideInLeft&quot;}\" data-widget_type=\"heading.default\">\n\t\t\t\t<div class=\"elementor-widget-container\">\n\t\t\t\t\t<h2 class=\"elementor-heading-title elementor-size-default\">Prendre soin de soi<\/h2>\t\t\t\t<\/div>\n\t\t\t\t<\/div>\n\t\t\t\t<div class=\"elementor-element elementor-element-4f382fcf elementor-invisible elementor-widget elementor-widget-heading\" data-id=\"4f382fcf\" data-element_type=\"widget\" data-e-type=\"widget\" data-settings=\"{&quot;_animation&quot;:&quot;slideInLeft&quot;,&quot;_animation_delay&quot;:100}\" data-widget_type=\"heading.default\">\n\t\t\t\t<div class=\"elementor-widget-container\">\n\t\t\t\t\t<h2 class=\"elementor-heading-title elementor-size-default\">Prenez contact avec votre magn\u00e9tiseur !<\/h2>\t\t\t\t<\/div>\n\t\t\t\t<\/div>\n\t\t\t\t<div class=\"elementor-element elementor-element-513222a6 elementor-invisible elementor-widget elementor-widget-text-editor\" data-id=\"513222a6\" data-element_type=\"widget\" data-e-type=\"widget\" data-settings=\"{&quot;_animation&quot;:&quot;slideInLeft&quot;,&quot;_animation_delay&quot;:200}\" data-widget_type=\"text-editor.default\">\n\t\t\t\t<div class=\"elementor-widget-container\">\n\t\t\t\t\t\t\t\t\t<p>Posez vos questions ou exprimer votre demande pour tout vos probl\u00e8mes.<\/p>\t\t\t\t\t\t\t\t<\/div>\n\t\t\t\t<\/div>\n\t\t\t\t<div class=\"elementor-element elementor-element-708a61d1 elementor-icon-list--layout-traditional elementor-list-item-link-full_width elementor-invisible elementor-widget elementor-widget-icon-list\" data-id=\"708a61d1\" data-element_type=\"widget\" data-e-type=\"widget\" data-settings=\"{&quot;_animation&quot;:&quot;slideInLeft&quot;,&quot;_animation_delay&quot;:300}\" data-widget_type=\"icon-list.default\">\n\t\t\t\t<div class=\"elementor-widget-container\">\n\t\t\t\t\t\t\t<ul class=\"elementor-icon-list-items\">\n\t\t\t\t\t\t\t<li class=\"elementor-icon-list-item\">\n\t\t\t\t\t\t\t\t\t\t\t<a href=\"https:\/\/maps.app.goo.gl\/LBSEdwY7SHnvtwDa8\">\n\n\t\t\t\t\t\t\t\t\t\t\t\t<span class=\"elementor-icon-list-icon\">\n\t\t\t\t\t\t\t<svg aria-hidden=\"true\" class=\"e-font-icon-svg e-fas-map-marker-alt\" viewBox=\"0 0 384 512\" xmlns=\"http:\/\/www.w3.org\/2000\/svg\"><path d=\"M172.268 501.67C26.97 291.031 0 269.413 0 192 0 85.961 85.961 0 192 0s192 85.961 192 192c0 77.413-26.97 99.031-172.268 309.67-9.535 13.774-29.93 13.773-39.464 0zM192 272c44.183 0 80-35.817 80-80s-35.817-80-80-80-80 35.817-80 80 35.817 80 80 80z\"><\/path><\/svg>\t\t\t\t\t\t<\/span>\n\t\t\t\t\t\t\t\t\t\t<span class=\"elementor-icon-list-text\">1155 avenue de la Coll\u00e8giale, 83140 Six Fours les Plages<\/span>\n\t\t\t\t\t\t\t\t\t\t\t<\/a>\n\t\t\t\t\t\t\t\t\t<\/li>\n\t\t\t\t\t\t\t\t<li class=\"elementor-icon-list-item\">\n\t\t\t\t\t\t\t\t\t\t\t<a href=\"mailto:crismagnetiseur@gmail.com\">\n\n\t\t\t\t\t\t\t\t\t\t\t\t<span class=\"elementor-icon-list-icon\">\n\t\t\t\t\t\t\t<svg aria-hidden=\"true\" class=\"e-font-icon-svg e-fas-envelope\" viewBox=\"0 0 512 512\" xmlns=\"http:\/\/www.w3.org\/2000\/svg\"><path d=\"M502.3 190.8c3.9-3.1 9.7-.2 9.7 4.7V400c0 26.5-21.5 48-48 48H48c-26.5 0-48-21.5-48-48V195.6c0-5 5.7-7.8 9.7-4.7 22.4 17.4 52.1 39.5 154.1 113.6 21.1 15.4 56.7 47.8 92.2 47.6 35.7.3 72-32.8 92.3-47.6 102-74.1 131.6-96.3 154-113.7zM256 320c23.2.4 56.6-29.2 73.4-41.4 132.7-96.3 142.8-104.7 173.4-128.7 5.8-4.5 9.2-11.5 9.2-18.9v-19c0-26.5-21.5-48-48-48H48C21.5 64 0 85.5 0 112v19c0 7.4 3.4 14.3 9.2 18.9 30.6 23.9 40.7 32.4 173.4 128.7 16.8 12.2 50.2 41.8 73.4 41.4z\"><\/path><\/svg>\t\t\t\t\t\t<\/span>\n\t\t\t\t\t\t\t\t\t\t<span class=\"elementor-icon-list-text\">crismagnetiseur@gmail.com<\/span>\n\t\t\t\t\t\t\t\t\t\t\t<\/a>\n\t\t\t\t\t\t\t\t\t<\/li>\n\t\t\t\t\t\t\t\t<li class=\"elementor-icon-list-item\">\n\t\t\t\t\t\t\t\t\t\t\t<a href=\"tel:+33668561340\">\n\n\t\t\t\t\t\t\t\t\t\t\t\t<span class=\"elementor-icon-list-icon\">\n\t\t\t\t\t\t\t<svg aria-hidden=\"true\" class=\"e-font-icon-svg e-fas-phone-alt\" viewBox=\"0 0 512 512\" xmlns=\"http:\/\/www.w3.org\/2000\/svg\"><path d=\"M497.39 361.8l-112-48a24 24 0 0 0-28 6.9l-49.6 60.6A370.66 370.66 0 0 1 130.6 204.11l60.6-49.6a23.94 23.94 0 0 0 6.9-28l-48-112A24.16 24.16 0 0 0 122.6.61l-104 24A24 24 0 0 0 0 48c0 256.5 207.9 464 464 464a24 24 0 0 0 23.4-18.6l24-104a24.29 24.29 0 0 0-14.01-27.6z\"><\/path><\/svg>\t\t\t\t\t\t<\/span>\n\t\t\t\t\t\t\t\t\t\t<span class=\"elementor-icon-list-text\">+33 6 68 56 13 40<\/span>\n\t\t\t\t\t\t\t\t\t\t\t<\/a>\n\t\t\t\t\t\t\t\t\t<\/li>\n\t\t\t\t\t\t<\/ul>\n\t\t\t\t\t\t<\/div>\n\t\t\t\t<\/div>\n\t\t\t\t\t<\/div>\n\t\t<\/div>\n\t\t\t\t<div class=\"elementor-column elementor-col-50 elementor-top-column elementor-element elementor-element-3a4d1922\" data-id=\"3a4d1922\" data-element_type=\"column\" data-e-type=\"column\">\n\t\t\t<div class=\"elementor-widget-wrap\">\n\t\t\t\t\t\t\t<\/div>\n\t\t<\/div>\n\t\t\t\t\t<\/div>\n\t\t<\/section>\n\t\t<div class=\"elementor-element elementor-element-34ea61ee e-flex e-con-boxed wpr-particle-no wpr-jarallax-no wpr-parallax-no wpr-sticky-section-no wpr-equal-height-no e-con e-parent\" data-id=\"34ea61ee\" data-element_type=\"container\" data-e-type=\"container\">\n\t\t\t\t\t<div class=\"e-con-inner\">\n\t\t\t\t<div class=\"elementor-element elementor-element-71252a4b elementor-widget elementor-widget-google_maps\" data-id=\"71252a4b\" data-element_type=\"widget\" data-e-type=\"widget\" data-widget_type=\"google_maps.default\">\n\t\t\t\t<div class=\"elementor-widget-container\">\n\t\t\t\t\t\t\t<div class=\"elementor-custom-embed\">\n\t\t\t<iframe loading=\"lazy\"\n\t\t\t\t\tsrc=\"https:\/\/maps.google.com\/maps?q=1155%20avenue%20de%20la%20Coll%C3%A9giale%2C%2083140%20six%20Fours%20les%20Plages&#038;t=m&#038;z=14&#038;output=embed&#038;iwloc=near\"\n\t\t\t\t\ttitle=\"1155 avenue de la Coll\u00e9giale, 83140 six Fours les Plages\"\n\t\t\t\t\taria-label=\"1155 avenue de la Coll\u00e9giale, 83140 six Fours les Plages\"\n\t\t\t><\/iframe>\n\t\t<\/div>\n\t\t\t\t\t\t<\/div>\n\t\t\t\t<\/div>\n\t\t\t\t\t<\/div>\n\t\t\t\t<\/div>\n\t\t\t\t<\/div>\n\t\t","protected":false},"excerpt":{"rendered":"<p>Contact Prendre soin de soi Prenez contact avec votre magn\u00e9tiseur ! Posez vos questions ou exprimer votre demande pour tout vos probl\u00e8mes. 1155 avenue de la Coll\u00e8giale, 83140 Six Fours les Plages crismagnetiseur@gmail.com +33 6 68 56 13 40<\/p>\n","protected":false},"author":1,"featured_media":0,"parent":0,"menu_order":0,"comment_status":"closed","ping_status":"closed","template":"elementor_canvas","meta":{"footnotes":""},"class_list":["post-14","page","type-page","status-publish","hentry"],"yoast_head":"<!-- This site is optimized with the Yoast SEO plugin v27.5 - https:\/\/yoast.com\/product\/yoast-seo-wordpress\/ -->\n<title>Contact - Cris Magn\u00e9tiseur<\/title>\n<meta name=\"description\" content=\"Christian magn\u00e9tiseur, barreur de feu depuis des ann\u00e9es, j\u2019interviens sur les adultes, enfants et animaux en pr\u00e9sence ou \u00e0 distance sur photo.\u00a0\u00a0\" \/>\n<meta name=\"robots\" content=\"index, follow, max-snippet:-1, max-image-preview:large, max-video-preview:-1\" \/>\n<link rel=\"canonical\" href=\"https:\/\/cris-magnetiseur.fr\/index.php\/contact\/\" \/>\n<meta property=\"og:locale\" content=\"fr_FR\" \/>\n<meta property=\"og:type\" content=\"article\" \/>\n<meta property=\"og:title\" content=\"Contact - Cris Magn\u00e9tiseur\" \/>\n<meta property=\"og:description\" content=\"Christian magn\u00e9tiseur, barreur de feu depuis des ann\u00e9es, j\u2019interviens sur les adultes, enfants et animaux en pr\u00e9sence ou \u00e0 distance sur photo.\u00a0\u00a0\" \/>\n<meta property=\"og:url\" content=\"https:\/\/cris-magnetiseur.fr\/index.php\/contact\/\" \/>\n<meta property=\"og:site_name\" content=\"Cris Magn\u00e9tiseur\" \/>\n<meta property=\"article:modified_time\" content=\"2026-02-21T21:15:01+00:00\" \/>\n<meta name=\"twitter:card\" content=\"summary_large_image\" \/>\n<meta name=\"twitter:label1\" content=\"Dur\u00e9e de lecture estim\u00e9e\" \/>\n\t<meta name=\"twitter:data1\" content=\"1 minute\" \/>\n<script type=\"application\/ld+json\" class=\"yoast-schema-graph\">{\"@context\":\"https:\\\/\\\/schema.org\",\"@graph\":[{\"@type\":\"WebPage\",\"@id\":\"https:\\\/\\\/cris-magnetiseur.fr\\\/index.php\\\/contact\\\/\",\"url\":\"https:\\\/\\\/cris-magnetiseur.fr\\\/index.php\\\/contact\\\/\",\"name\":\"Contact - Cris Magn\u00e9tiseur\",\"isPartOf\":{\"@id\":\"https:\\\/\\\/cris-magnetiseur.fr\\\/#website\"},\"datePublished\":\"2023-10-27T08:18:42+00:00\",\"dateModified\":\"2026-02-21T21:15:01+00:00\",\"description\":\"Christian magn\u00e9tiseur, barreur de feu depuis des ann\u00e9es, j\u2019interviens sur les adultes, enfants et animaux en pr\u00e9sence ou \u00e0 distance sur photo.\u00a0\u00a0\",\"breadcrumb\":{\"@id\":\"https:\\\/\\\/cris-magnetiseur.fr\\\/index.php\\\/contact\\\/#breadcrumb\"},\"inLanguage\":\"fr-FR\",\"potentialAction\":[{\"@type\":\"ReadAction\",\"target\":[\"https:\\\/\\\/cris-magnetiseur.fr\\\/index.php\\\/contact\\\/\"]}]},{\"@type\":\"BreadcrumbList\",\"@id\":\"https:\\\/\\\/cris-magnetiseur.fr\\\/index.php\\\/contact\\\/#breadcrumb\",\"itemListElement\":[{\"@type\":\"ListItem\",\"position\":1,\"name\":\"Accueil\",\"item\":\"https:\\\/\\\/cris-magnetiseur.fr\\\/\"},{\"@type\":\"ListItem\",\"position\":2,\"name\":\"Contact\"}]},{\"@type\":\"WebSite\",\"@id\":\"https:\\\/\\\/cris-magnetiseur.fr\\\/#website\",\"url\":\"https:\\\/\\\/cris-magnetiseur.fr\\\/\",\"name\":\"Cris Magn\u00e9tiseur\",\"description\":\"Un site utilisant WordPress\",\"publisher\":{\"@id\":\"https:\\\/\\\/cris-magnetiseur.fr\\\/#organization\"},\"potentialAction\":[{\"@type\":\"SearchAction\",\"target\":{\"@type\":\"EntryPoint\",\"urlTemplate\":\"https:\\\/\\\/cris-magnetiseur.fr\\\/?s={search_term_string}\"},\"query-input\":{\"@type\":\"PropertyValueSpecification\",\"valueRequired\":true,\"valueName\":\"search_term_string\"}}],\"inLanguage\":\"fr-FR\"},{\"@type\":\"Organization\",\"@id\":\"https:\\\/\\\/cris-magnetiseur.fr\\\/#organization\",\"name\":\"Cris Magn\u00e9tiseur\",\"url\":\"https:\\\/\\\/cris-magnetiseur.fr\\\/\",\"logo\":{\"@type\":\"ImageObject\",\"inLanguage\":\"fr-FR\",\"@id\":\"https:\\\/\\\/cris-magnetiseur.fr\\\/#\\\/schema\\\/logo\\\/image\\\/\",\"url\":\"https:\\\/\\\/cris-magnetiseur.fr\\\/wp-content\\\/uploads\\\/2023\\\/10\\\/Logo-Magnetiseur-six-fours-les-plages.png\",\"contentUrl\":\"https:\\\/\\\/cris-magnetiseur.fr\\\/wp-content\\\/uploads\\\/2023\\\/10\\\/Logo-Magnetiseur-six-fours-les-plages.png\",\"width\":500,\"height\":500,\"caption\":\"Cris Magn\u00e9tiseur\"},\"image\":{\"@id\":\"https:\\\/\\\/cris-magnetiseur.fr\\\/#\\\/schema\\\/logo\\\/image\\\/\"}}]}<\/script>\n<!-- \/ Yoast SEO plugin. -->","yoast_head_json":{"title":"Contact - Cris Magn\u00e9tiseur","description":"Christian magn\u00e9tiseur, barreur de feu depuis des ann\u00e9es, j\u2019interviens sur les adultes, enfants et animaux en pr\u00e9sence ou \u00e0 distance sur photo.\u00a0\u00a0","robots":{"index":"index","follow":"follow","max-snippet":"max-snippet:-1","max-image-preview":"max-image-preview:large","max-video-preview":"max-video-preview:-1"},"canonical":"https:\/\/cris-magnetiseur.fr\/index.php\/contact\/","og_locale":"fr_FR","og_type":"article","og_title":"Contact - Cris Magn\u00e9tiseur","og_description":"Christian magn\u00e9tiseur, barreur de feu depuis des ann\u00e9es, j\u2019interviens sur les adultes, enfants et animaux en pr\u00e9sence ou \u00e0 distance sur photo.\u00a0\u00a0","og_url":"https:\/\/cris-magnetiseur.fr\/index.php\/contact\/","og_site_name":"Cris Magn\u00e9tiseur","article_modified_time":"2026-02-21T21:15:01+00:00","twitter_card":"summary_large_image","twitter_misc":{"Dur\u00e9e de lecture estim\u00e9e":"1 minute"},"schema":{"@context":"https:\/\/schema.org","@graph":[{"@type":"WebPage","@id":"https:\/\/cris-magnetiseur.fr\/index.php\/contact\/","url":"https:\/\/cris-magnetiseur.fr\/index.php\/contact\/","name":"Contact - Cris Magn\u00e9tiseur","isPartOf":{"@id":"https:\/\/cris-magnetiseur.fr\/#website"},"datePublished":"2023-10-27T08:18:42+00:00","dateModified":"2026-02-21T21:15:01+00:00","description":"Christian magn\u00e9tiseur, barreur de feu depuis des ann\u00e9es, j\u2019interviens sur les adultes, enfants et animaux en pr\u00e9sence ou \u00e0 distance sur photo.\u00a0\u00a0","breadcrumb":{"@id":"https:\/\/cris-magnetiseur.fr\/index.php\/contact\/#breadcrumb"},"inLanguage":"fr-FR","potentialAction":[{"@type":"ReadAction","target":["https:\/\/cris-magnetiseur.fr\/index.php\/contact\/"]}]},{"@type":"BreadcrumbList","@id":"https:\/\/cris-magnetiseur.fr\/index.php\/contact\/#breadcrumb","itemListElement":[{"@type":"ListItem","position":1,"name":"Accueil","item":"https:\/\/cris-magnetiseur.fr\/"},{"@type":"ListItem","position":2,"name":"Contact"}]},{"@type":"WebSite","@id":"https:\/\/cris-magnetiseur.fr\/#website","url":"https:\/\/cris-magnetiseur.fr\/","name":"Cris Magn\u00e9tiseur","description":"Un site utilisant WordPress","publisher":{"@id":"https:\/\/cris-magnetiseur.fr\/#organization"},"potentialAction":[{"@type":"SearchAction","target":{"@type":"EntryPoint","urlTemplate":"https:\/\/cris-magnetiseur.fr\/?s={search_term_string}"},"query-input":{"@type":"PropertyValueSpecification","valueRequired":true,"valueName":"search_term_string"}}],"inLanguage":"fr-FR"},{"@type":"Organization","@id":"https:\/\/cris-magnetiseur.fr\/#organization","name":"Cris Magn\u00e9tiseur","url":"https:\/\/cris-magnetiseur.fr\/","logo":{"@type":"ImageObject","inLanguage":"fr-FR","@id":"https:\/\/cris-magnetiseur.fr\/#\/schema\/logo\/image\/","url":"https:\/\/cris-magnetiseur.fr\/wp-content\/uploads\/2023\/10\/Logo-Magnetiseur-six-fours-les-plages.png","contentUrl":"https:\/\/cris-magnetiseur.fr\/wp-content\/uploads\/2023\/10\/Logo-Magnetiseur-six-fours-les-plages.png","width":500,"height":500,"caption":"Cris Magn\u00e9tiseur"},"image":{"@id":"https:\/\/cris-magnetiseur.fr\/#\/schema\/logo\/image\/"}}]}},"_links":{"self":[{"href":"https:\/\/cris-magnetiseur.fr\/index.php\/wp-json\/wp\/v2\/pages\/14","targetHints":{"allow":["GET"]}}],"collection":[{"href":"https:\/\/cris-magnetiseur.fr\/index.php\/wp-json\/wp\/v2\/pages"}],"about":[{"href":"https:\/\/cris-magnetiseur.fr\/index.php\/wp-json\/wp\/v2\/types\/page"}],"author":[{"embeddable":true,"href":"https:\/\/cris-magnetiseur.fr\/index.php\/wp-json\/wp\/v2\/users\/1"}],"replies":[{"embeddable":true,"href":"https:\/\/cris-magnetiseur.fr\/index.php\/wp-json\/wp\/v2\/comments?post=14"}],"version-history":[{"count":16,"href":"https:\/\/cris-magnetiseur.fr\/index.php\/wp-json\/wp\/v2\/pages\/14\/revisions"}],"predecessor-version":[{"id":263,"href":"https:\/\/cris-magnetiseur.fr\/index.php\/wp-json\/wp\/v2\/pages\/14\/revisions\/263"}],"wp:attachment":[{"href":"https:\/\/cris-magnetiseur.fr\/index.php\/wp-json\/wp\/v2\/media?parent=14"}],"curies":[{"name":"wp","href":"https:\/\/api.w.org\/{rel}","templated":true}]}}